{"id":14,"date":"2016-08-11T12:08:17","date_gmt":"2016-08-11T10:08:17","guid":{"rendered":"http:\/\/ferien-kreta.de\/?page_id=14"},"modified":"2017-04-10T16:14:40","modified_gmt":"2017-04-10T14:14:40","slug":"anlage","status":"publish","type":"page","link":"https:\/\/ferien-kreta.de\/pl\/anlage\/","title":{"rendered":"Dom letniskowy z widokiem na morze i g\u00f3ry\u00a0"},"content":{"rendered":"<img loading=\"lazy\" decoding=\"async\" class=\"alignright size-medium wp-image-252\" src=\"http:\/\/ferien-kreta.de\/wp-content\/uploads\/2017\/04\/Ferien-Kreta-3-300x200.jpg\" alt=\"\" width=\"300\" height=\"200\" srcset=\"https:\/\/ferien-kreta.de\/wp-content\/uploads\/2017\/04\/Ferien-Kreta-3-300x200.jpg 300w, https:\/\/ferien-kreta.de\/wp-content\/uploads\/2017\/04\/Ferien-Kreta-3-768x511.jpg 768w, https:\/\/ferien-kreta.de\/wp-content\/uploads\/2017\/04\/Ferien-Kreta-3-1024x681.jpg 1024w, https:\/\/ferien-kreta.de\/wp-content\/uploads\/2017\/04\/Ferien-Kreta-3.jpg 1600w\" sizes=\"auto, (max-width: 300px) 100vw, 300px\" \/>O\u015brodek letniskowy &#8222;Psiloritis&#8221; jest nowowybudowanym kompleksem (2008, odnowiony 2015) o\u015bmiu dwuosobowych apartament\u00f3w &#8211; studia. Ka\u017cde jednakowe wielko\u015bci po oko\u0142o 22,5qm w dw\u00f3ch obok siebie le\u017c\u0105cych i po wysoko\u015bci przesuni\u0119tych domach.<\/p>\n<p>Na zewn\u0105trz wszystko jest bardzo estetycznie urz\u0105dzone, basen z podgrzewan\u0105 wod\u0105, kameralne o\u015bwietlenie ca\u0142ego o\u015brodka i wody w basenie.<br \/>\nAtmosfera zaprasza do opalania si\u0119 nad basenem i zachwycania si\u0119 wspania\u0142ymi widokami na morze i okolice a w tym na najwy\u017cszy szczyt Krety Psiloritis.<br \/>\nPsiloritis jest od listopada do maja pokryty \u015bniegiem co dodaje okolicy uroku.<\/p>\n<p>Teren jest ogrodzony murem z naturalnego kamienia, palmy i wiele kwiat\u00f3w w du\u017cych greckich donicach oraz wewnetrzny parking samochodowy.<br \/>\nBardzo praktyczny tak\u017ce dla grup kilkoosobowych z mo\u017cliwo\u015bci\u0105 zakwaterowania np. w g\u00f3rnym budynku.<\/p>\n<p><img loading=\"lazy\" decoding=\"async\" class=\"wp-image-216 alignright\" src=\"http:\/\/ferien-kreta.de\/wp-content\/uploads\/2017\/04\/ferien-kreta-anlage6.jpg\" alt=\"\" width=\"277\" height=\"201\" srcset=\"https:\/\/ferien-kreta.de\/wp-content\/uploads\/2017\/04\/ferien-kreta-anlage6.jpg 479w, https:\/\/ferien-kreta.de\/wp-content\/uploads\/2017\/04\/ferien-kreta-anlage6-300x217.jpg 300w\" sizes=\"auto, (max-width: 277px) 100vw, 277px\" \/><\/p>\n<p><img loading=\"lazy\" decoding=\"async\" class=\"alignright wp-image-251\" src=\"http:\/\/ferien-kreta.de\/wp-content\/uploads\/2017\/04\/Ferien-Kreta-2-300x200.jpg\" alt=\"\" width=\"302\" height=\"201\" srcset=\"https:\/\/ferien-kreta.de\/wp-content\/uploads\/2017\/04\/Ferien-Kreta-2-300x200.jpg 300w, https:\/\/ferien-kreta.de\/wp-content\/uploads\/2017\/04\/Ferien-Kreta-2-768x511.jpg 768w, https:\/\/ferien-kreta.de\/wp-content\/uploads\/2017\/04\/Ferien-Kreta-2-1024x681.jpg 1024w, https:\/\/ferien-kreta.de\/wp-content\/uploads\/2017\/04\/Ferien-Kreta-2.jpg 1600w\" sizes=\"auto, (max-width: 302px) 100vw, 302px\" \/>","protected":false},"excerpt":{"rendered":"<p>O\u015brodek letniskowy &#8222;Psiloritis&#8221; jest nowowybudowanym kompleksem (2008, odnowiony 2015) o\u015bmiu dwuosobowych apartament\u00f3w &#8211; studia. Ka\u017cde jednakowe wielko\u015bci po oko\u0142o 22,5qm w dw\u00f3ch obok siebie le\u017c\u0105cych i po wysoko\u015bci przesuni\u0119tych domach. Na zewn\u0105trz wszystko jest bardzo estetycznie urz\u0105dzone, basen z podgrzewan\u0105 wod\u0105, kameralne o\u015bwietlenie ca\u0142ego o\u015brodka i wody w basenie. Atmosfera zaprasza do opalania si\u0119 nad &#8230; <a title=\"Dom letniskowy z widokiem na morze i g\u00f3ry\u00a0\" class=\"read-more\" href=\"https:\/\/ferien-kreta.de\/pl\/anlage\/\" aria-label=\"Dowiedz si\u0119 wi\u0119cej o Dom letniskowy z widokiem na morze i g\u00f3ry\u00a0\">Dowiedz si\u0119 wi\u0119cej<\/a><\/p>\n","protected":false},"author":1,"featured_media":479,"parent":0,"menu_order":0,"comment_status":"closed","ping_status":"closed","template":"","meta":{"generate_page_header":"","footnotes":""},"class_list":["post-14","page","type-page","status-publish","has-post-thumbnail"],"_links":{"self":[{"href":"https:\/\/ferien-kreta.de\/pl\/wp-json\/wp\/v2\/pages\/14","targetHints":{"allow":["GET"]}}],"collection":[{"href":"https:\/\/ferien-kreta.de\/pl\/wp-json\/wp\/v2\/pages"}],"about":[{"href":"https:\/\/ferien-kreta.de\/pl\/wp-json\/wp\/v2\/types\/page"}],"author":[{"embeddable":true,"href":"https:\/\/ferien-kreta.de\/pl\/wp-json\/wp\/v2\/users\/1"}],"replies":[{"embeddable":true,"href":"https:\/\/ferien-kreta.de\/pl\/wp-json\/wp\/v2\/comments?post=14"}],"version-history":[{"count":10,"href":"https:\/\/ferien-kreta.de\/pl\/wp-json\/wp\/v2\/pages\/14\/revisions"}],"predecessor-version":[{"id":442,"href":"https:\/\/ferien-kreta.de\/pl\/wp-json\/wp\/v2\/pages\/14\/revisions\/442"}],"wp:featuredmedia":[{"embeddable":true,"href":"https:\/\/ferien-kreta.de\/pl\/wp-json\/wp\/v2\/media\/479"}],"wp:attachment":[{"href":"https:\/\/ferien-kreta.de\/pl\/wp-json\/wp\/v2\/media?parent=14"}],"curies":[{"name":"wp","href":"https:\/\/api.w.org\/{rel}","templated":true}]}}