{"id":17,"date":"2016-08-11T12:09:03","date_gmt":"2016-08-11T10:09:03","guid":{"rendered":"http:\/\/ferien-kreta.de\/?page_id=17"},"modified":"2019-11-06T10:48:14","modified_gmt":"2019-11-06T09:48:14","slug":"umgebung","status":"publish","type":"page","link":"https:\/\/ferien-kreta.de\/pl\/umgebung\/","title":{"rendered":"Niezapomniane wycieczki i wypoczynek nad morzem"},"content":{"rendered":"<img loading=\"lazy\" decoding=\"async\" class=\"alignright size-medium wp-image-281\" src=\"https:\/\/ferien-kreta.de\/wp-content\/uploads\/2017\/04\/ferien-kreta-umgebung12-300x225.jpg\" alt=\"\" width=\"300\" height=\"225\" srcset=\"https:\/\/ferien-kreta.de\/wp-content\/uploads\/2017\/04\/ferien-kreta-umgebung12-300x225.jpg 300w, https:\/\/ferien-kreta.de\/wp-content\/uploads\/2017\/04\/ferien-kreta-umgebung12.jpg 481w\" sizes=\"auto, (max-width: 300px) 100vw, 300px\" \/>Nasz hotelik znajduje si\u0119 na granicy wioski Listaros w po\u0142udniowej Krecie. Oko\u0142o 200m nad poziomem morza. Ze wszystkich pokoi jest wspania\u0142y widok na odleg\u0142e morze i g\u00f3ry Idi z najwy\u017cszym szczytem Psiloritis (2456m).<br \/>\nOkolica Listaros jest bardzo spokojna i posiada korzystny mikrokilimat, kt\u00f3ry \u0142agodzi prawie wszystkie dolegliwo\u015bci.<\/p>\n<p>St\u0105d mo\u017cna robi\u0107 ca\u0142odzienne wycieczki we wszystkie strony Krety. Do piaszczystej pla\u017cy w Komos lub Matali jest oko\u0142o 10 min. samochodem. W Matali znajduj\u0105 si\u0119 s\u0142ynne jamy skalne, w kt\u00f3rych mieszkali w Hippisi w latach 60-tych i 70-tych. Obecnie mo\u017cna je zwiedza\u0107. Z Matali idzie si\u0119 oko\u0142o 20 min. do malowniczej zatoczki tzw. Czerwonej pla\u017cy bardzo lubianej przez naturyst\u00f3w.<\/p>\n<p>Okolica zach\u0119ca do spacer\u00f3w po pobliskich zboczach, z kt\u00f3rych mo\u017cna podziwia\u0107 wspania\u0142e widoki. Istnieje mo\u017cliwo\u015b\u0107 zwiedzania okolic motorami albo samochodem. Wykopaliska w okolicznym Festos s\u0105 dost\u0119pne dla turyst\u00f3w. Oko\u0142o 2,5 km przed Listaros le\u017cy Sivas, bardzo malownicze miasto z wieloma tawernami, w kt\u00f3rych warto zatrzyma\u0107 si\u0119 i skosztowa\u0107 greckie potrawy.<\/p>\n<p><img loading=\"lazy\" decoding=\"async\" class=\"alignright size-medium wp-image-270\" src=\"https:\/\/ferien-kreta.de\/wp-content\/uploads\/2017\/04\/ferien-kreta-umgebung1-300x223.jpg\" alt=\"\" width=\"300\" height=\"223\" srcset=\"https:\/\/ferien-kreta.de\/wp-content\/uploads\/2017\/04\/ferien-kreta-umgebung1-300x223.jpg 300w, https:\/\/ferien-kreta.de\/wp-content\/uploads\/2017\/04\/ferien-kreta-umgebung1.jpg 485w\" sizes=\"auto, (max-width: 300px) 100vw, 300px\" \/>Nasza okolica potrafi oczarowa\u0107, zapomina si\u0119 o codzienno\u015bci i cz\u0119sto si\u0119 tutaj powraca. Zas\u0142ug\u0105 tego s\u0105 bardzo przyja\u017ani mieszka\u0144cy, z kt\u00f3rymi \u0142atwo nawi\u0105za\u0107 kontakt. Tak wi\u0119c wielu os\u00f3b powraca tu ch\u0119tnie i cz\u0119sto, a niekiedy nawet na zawsze.<\/p>\n<p>Zakupy mo\u017cna robi\u0107 w ma\u0142ych sklepikach, w Sivas, Petrokefali i Matali lub w Mires, gdzie jest wiele sklep\u00f3w, dyskotek, banki i lekarze.<\/p>\n<p>Do portu w Heraklionie oko\u0142o 70 km, do Chanii 120 km. Oko\u0142o 15 km do portu rybackiego w Timbaki a 25 km do Agia Galini, kt\u00f3r\u0105 trzeba zobaczy\u0107.<\/p>\n<p>Ro\u015blinno\u015b\u0107 na Krecie jest bardzo bogata i urozmaicona. G\u00f3rzyste okolice z wieloma ukrytymi zatoczkami, piaszczystymi pla\u017cami, pi\u0119knymi kanionami, gwarantuj\u0105 udany urlop i dobry wypoczynek.<\/p>\n<p>Rekreacja na Krecie: wspinaczki g\u00f3rskie, narciarstwo w g\u00f3rach Idi, w\u0119dr\u00f3wki, spacery, zwiedzanie zabytk\u00f3w, kolarstwo, sporty wodne: m.i. \u017ceglarstwo, windsurfing, nurkowanie; w\u0119dkarstwo, odpoczynek na pla\u017cy, k\u0105piel w morzu i basenie&#8230;<\/p>\n<p><img loading=\"lazy\" decoding=\"async\" class=\"alignright size-medium wp-image-287\" src=\"https:\/\/ferien-kreta.de\/wp-content\/uploads\/2017\/04\/ferien-kreta-umgebung18-300x224.jpg\" alt=\"\" width=\"300\" height=\"224\" srcset=\"https:\/\/ferien-kreta.de\/wp-content\/uploads\/2017\/04\/ferien-kreta-umgebung18-300x224.jpg 300w, https:\/\/ferien-kreta.de\/wp-content\/uploads\/2017\/04\/ferien-kreta-umgebung18.jpg 480w\" sizes=\"auto, (max-width: 300px) 100vw, 300px\" \/>","protected":false},"excerpt":{"rendered":"<p>Nasz hotelik znajduje si\u0119 na granicy wioski Listaros w po\u0142udniowej Krecie. Oko\u0142o 200m nad poziomem morza. Ze wszystkich pokoi jest wspania\u0142y widok na odleg\u0142e morze i g\u00f3ry Idi z najwy\u017cszym szczytem Psiloritis (2456m). Okolica Listaros jest bardzo spokojna i posiada korzystny mikrokilimat, kt\u00f3ry \u0142agodzi prawie wszystkie dolegliwo\u015bci. St\u0105d mo\u017cna robi\u0107 ca\u0142odzienne wycieczki we wszystkie strony &#8230; <a title=\"Niezapomniane wycieczki i wypoczynek nad morzem\" class=\"read-more\" href=\"https:\/\/ferien-kreta.de\/pl\/umgebung\/\" aria-label=\"Dowiedz si\u0119 wi\u0119cej o Niezapomniane wycieczki i wypoczynek nad morzem\">Dowiedz si\u0119 wi\u0119cej<\/a><\/p>\n","protected":false},"author":1,"featured_media":484,"parent":0,"menu_order":0,"comment_status":"closed","ping_status":"closed","template":"","meta":{"generate_page_header":"","footnotes":""},"class_list":["post-17","page","type-page","status-publish","has-post-thumbnail"],"_links":{"self":[{"href":"https:\/\/ferien-kreta.de\/pl\/wp-json\/wp\/v2\/pages\/17","targetHints":{"allow":["GET"]}}],"collection":[{"href":"https:\/\/ferien-kreta.de\/pl\/wp-json\/wp\/v2\/pages"}],"about":[{"href":"https:\/\/ferien-kreta.de\/pl\/wp-json\/wp\/v2\/types\/page"}],"author":[{"embeddable":true,"href":"https:\/\/ferien-kreta.de\/pl\/wp-json\/wp\/v2\/users\/1"}],"replies":[{"embeddable":true,"href":"https:\/\/ferien-kreta.de\/pl\/wp-json\/wp\/v2\/comments?post=17"}],"version-history":[{"count":10,"href":"https:\/\/ferien-kreta.de\/pl\/wp-json\/wp\/v2\/pages\/17\/revisions"}],"predecessor-version":[{"id":573,"href":"https:\/\/ferien-kreta.de\/pl\/wp-json\/wp\/v2\/pages\/17\/revisions\/573"}],"wp:featuredmedia":[{"embeddable":true,"href":"https:\/\/ferien-kreta.de\/pl\/wp-json\/wp\/v2\/media\/484"}],"wp:attachment":[{"href":"https:\/\/ferien-kreta.de\/pl\/wp-json\/wp\/v2\/media?parent=17"}],"curies":[{"name":"wp","href":"https:\/\/api.w.org\/{rel}","templated":true}]}}